{"id":315,"date":"2023-06-26T00:45:27","date_gmt":"2023-06-26T05:45:27","guid":{"rendered":"https:\/\/pirkaarquitectos.com\/?page_id=315"},"modified":"2025-10-06T16:19:23","modified_gmt":"2025-10-06T21:19:23","slug":"pirka-arquitectos-estudio","status":"publish","type":"page","link":"https:\/\/pirkaarquitectos.com\/es\/pirka-arquitectos-estudio\/","title":{"rendered":"Estudio"},"content":{"rendered":"\n<div class=\"row row-collapse align-equal align-center\" style=\"max-width:100%\" id=\"row-122637953\">\n\n\n\t<div id=\"col-996133071\" class=\"col medium-7 small-12 large-7\"  >\n\t\t\t\t<div class=\"col-inner text-left dark\"  >\n\t\t\t\n\t\t\t\n\n\t<div id=\"text-312553233\" class=\"text text-justify\">\n\t\t\n\n<h2 class=\"uppercase\"><strong>ESTUDIO<\/strong><\/h2>\n<h6>\u00a0<\/h6>\n<p>PIRK\u2019A Arquitectos se funda el 03 de Julio de 2015 en Lima, Peru\u0301 por Jose\u0301 Luis Ferna\u0301ndez.<\/p>\n<p>La oficina confronta teori\u0301a y pra\u0301ctica acade\u0301mica con el disen\u0303o y la construccio\u0301n. Asimismo, toma como premisas fundamentales para desarrollar un proyecto integral coherente: la diversidad creativa, el dia\u0301logo con el cliente, el programa y el contexto.<\/p>\n<p>La oficina cree firmemente en el trabajo en equipo que desarrolla junto con los especialistas y con el cliente. Los grandes proyectos requieren de equipos complejos y bien integrados, con un rigor te\u0301cnico que permita que los procesos constructivos sean una continuacio\u0301n esencial del proceso de proyecto.<\/p>\n<p>La oficina toma del pasado cultural peruano el significado del nombre. PIRK&#8217;A significa en el idioma Inka \/ Quechua: Muro. Cada letra tiene un significado.<\/p>\n\t\t\t<\/div>\n\t\n<div class=\"row align-middle\"  id=\"row-1123524881\">\n\n\n\t<div id=\"col-1461930953\" class=\"col medium-6 small-7 large-6\"  >\n\t\t\t\t<div class=\"col-inner\"  >\n\t\t\t\n\t\t\t\n\n\t<div id=\"text-1830748392\" class=\"text\">\n\t\t\n\n<p>P (Peru\u0301)<\/p>\n<p>I (Inka)<\/p>\n<p>R (Rikhuna_Perspectiva)<\/p>\n<p>K (Kawsaykuna_Pluricultural)<\/p>\n<p>A (Arquitectura)<\/p>\n\t\t\n<style>\n#text-1830748392 {\n  font-size: 0.85rem;\n}\n<\/style>\n\t<\/div>\n\t\n\n\t\t<\/div>\n\t\t\t\t\t<\/div>\n\n\t\n\n\t<div id=\"col-1856563108\" class=\"col col-dibujo-estudio medium-6 small-5 large-6\"  >\n\t\t\t\t<div class=\"col-inner text-right\"  >\n\t\t\t\n\t\t\t\n\n\t<div class=\"img has-hover x md-x lg-x y md-y lg-y\" id=\"image_608107397\">\n\t\t\t\t\t\t\t\t<div class=\"img-inner dark\" >\n\t\t\t<img loading=\"lazy\" decoding=\"async\" width=\"673\" height=\"440\" src=\"https:\/\/pirkaarquitectos.com\/wp-content\/uploads\/2023\/07\/img-estudio-muros.png\" class=\"attachment-large size-large\" alt=\"\" srcset=\"https:\/\/pirkaarquitectos.com\/wp-content\/uploads\/2023\/07\/img-estudio-muros.png 673w, https:\/\/pirkaarquitectos.com\/wp-content\/uploads\/2023\/07\/img-estudio-muros-612x400.png 612w, https:\/\/pirkaarquitectos.com\/wp-content\/uploads\/2023\/07\/img-estudio-muros-510x333.png 510w\" sizes=\"auto, (max-width: 673px) 100vw, 673px\" \/>\t\t\t\t\t\t\n\t\t\t\t\t<\/div>\n\t\t\t\t\t\t\t\t\n<style>\n#image_608107397 {\n  width: 100%;\n}\n<\/style>\n\t<\/div>\n\t\n\n\n\t\t<\/div>\n\t\t\t\t\n<style>\n#col-1856563108 > .col-inner {\n  margin: 20px 0px 0px 0px;\n}\n@media (min-width:550px) {\n  #col-1856563108 > .col-inner {\n    margin: 0px 0px 0px 0px;\n  }\n}\n<\/style>\n\t<\/div>\n\n\t\n\n<\/div>\n\n\t\t<\/div>\n\t\t\t\t\n<style>\n#col-996133071 > .col-inner {\n  padding: 0px 0px 0px 0px;\n  margin: 0px 0px 0px 0px;\n  max-width: 100%;\n}\n<\/style>\n\t<\/div>\n\n\t\n\n\t<div id=\"col-562626976\" class=\"col medium-5 small-12 large-5\"  >\n\t\t\t\t<div class=\"col-inner text-center\"  >\n\t\t\t\n\t\t\t\n\n\t<div id=\"gap-885582287\" class=\"gap-element clearfix\" style=\"display:block; height:auto;\">\n\t\t\n<style>\n#gap-885582287 {\n  padding-top: 0px;\n}\n@media (min-width:550px) {\n  #gap-885582287 {\n    padding-top: 70px;\n  }\n}\n<\/style>\n\t<\/div>\n\t\n\n\t<div class=\"box has-hover img-acerca-de hide-for-small has-hover box-text-bottom\" >\n\n\t\t<div class=\"box-image\" style=\"width:75%;\">\n\t\t\t\t\t\t<div class=\"\" >\n\t\t\t\t<img loading=\"lazy\" decoding=\"async\" width=\"810\" height=\"794\" src=\"https:\/\/pirkaarquitectos.com\/wp-content\/uploads\/2023\/07\/img-estudio-jose-luis-fernandez-1.jpg\" class=\"attachment- size-\" alt=\"\" srcset=\"https:\/\/pirkaarquitectos.com\/wp-content\/uploads\/2023\/07\/img-estudio-jose-luis-fernandez-1.jpg 810w, https:\/\/pirkaarquitectos.com\/wp-content\/uploads\/2023\/07\/img-estudio-jose-luis-fernandez-1-408x400.jpg 408w, https:\/\/pirkaarquitectos.com\/wp-content\/uploads\/2023\/07\/img-estudio-jose-luis-fernandez-1-768x753.jpg 768w, https:\/\/pirkaarquitectos.com\/wp-content\/uploads\/2023\/07\/img-estudio-jose-luis-fernandez-1-510x500.jpg 510w\" sizes=\"auto, (max-width: 810px) 100vw, 810px\" \/>\t\t\t\t\t\t\t\t\t\t\t<\/div>\n\t\t\t\t\t<\/div>\n\n\t\t<div class=\"box-text text-center dark\" >\n\t\t\t<div class=\"box-text-inner\">\n\t\t\t\t\n\n<h4>Escola Te\u0300cnica Superior d\u2019Arquitectura de Barcelona<\/h4>\n\n\t\t\t<\/div>\n\t\t<\/div>\n\t<\/div>\n\t\n\t<div class=\"box has-hover  show-for-small has-hover box-text-bottom\" >\n\n\t\t<div class=\"box-image\" >\n\t\t\t\t\t\t<div class=\"\" >\n\t\t\t\t<img loading=\"lazy\" decoding=\"async\" width=\"810\" height=\"794\" src=\"https:\/\/pirkaarquitectos.com\/wp-content\/uploads\/2023\/07\/img-estudio-jose-luis-fernandez-1.jpg\" class=\"attachment- size-\" alt=\"\" srcset=\"https:\/\/pirkaarquitectos.com\/wp-content\/uploads\/2023\/07\/img-estudio-jose-luis-fernandez-1.jpg 810w, https:\/\/pirkaarquitectos.com\/wp-content\/uploads\/2023\/07\/img-estudio-jose-luis-fernandez-1-408x400.jpg 408w, https:\/\/pirkaarquitectos.com\/wp-content\/uploads\/2023\/07\/img-estudio-jose-luis-fernandez-1-768x753.jpg 768w, https:\/\/pirkaarquitectos.com\/wp-content\/uploads\/2023\/07\/img-estudio-jose-luis-fernandez-1-510x500.jpg 510w\" sizes=\"auto, (max-width: 810px) 100vw, 810px\" \/>\t\t\t\t\t\t\t\t\t\t\t<\/div>\n\t\t\t\t\t<\/div>\n\n\t\t<div class=\"box-text text-center dark\" >\n\t\t\t<div class=\"box-text-inner\">\n\t\t\t\t\n\n<h4>Escola Te\u0300cnica Superior d\u2019Arquitectura de Barcelona<\/h4>\n\n\t\t\t<\/div>\n\t\t<\/div>\n\t<\/div>\n\t\n\n\t\t<\/div>\n\t\t\t\t\n<style>\n#col-562626976 > .col-inner {\n  margin: -20px 0px 0px 0px;\n}\n@media (min-width:550px) {\n  #col-562626976 > .col-inner {\n    margin: 0px 0px 0px 0px;\n  }\n}\n<\/style>\n\t<\/div>\n\n\t\n\n\n<style>\n#row-122637953 > .col > .col-inner {\n  padding: 20px 15px 20px 15px;\n  background-color: rgb(18, 43, 50);\n}\n@media (min-width:550px) {\n  #row-122637953 > .col > .col-inner {\n    padding: 40px 20px 80px 20px;\n  }\n}\n<\/style>\n<\/div>\n\n","protected":false},"excerpt":{"rendered":"","protected":false},"author":1,"featured_media":0,"parent":0,"menu_order":0,"comment_status":"closed","ping_status":"closed","template":"page-blank.php","meta":{"inline_featured_image":false,"footnotes":""},"class_list":["post-315","page","type-page","status-publish","hentry"],"yoast_head":"<!-- This site is optimized with the Yoast SEO plugin v27.3 - https:\/\/yoast.com\/product\/yoast-seo-wordpress\/ -->\n<title>Estudio - Pirk&#039;a Arquitectos<\/title>\n<meta name=\"description\" content=\"Pirk&#039;a Arquitectos , estudio de arquitectos en Lima, Per\u00fa.\" \/>\n<meta name=\"robots\" content=\"index, follow, max-snippet:-1, max-image-preview:large, max-video-preview:-1\" \/>\n<link rel=\"canonical\" href=\"https:\/\/pirkaarquitectos.com\/es\/pirka-arquitectos-estudio\/\" \/>\n<script type=\"application\/ld+json\" class=\"yoast-schema-graph\">{\"@context\":\"https:\\\/\\\/schema.org\",\"@graph\":[{\"@type\":\"WebPage\",\"@id\":\"https:\\\/\\\/pirkaarquitectos.com\\\/pirka-arquitectos-estudio\\\/\",\"url\":\"https:\\\/\\\/pirkaarquitectos.com\\\/pirka-arquitectos-estudio\\\/\",\"name\":\"Estudio - Pirk&#039;a Arquitectos\",\"isPartOf\":{\"@id\":\"http:\\\/\\\/pirkaarquitectos.com\\\/es\\\/#website\"},\"datePublished\":\"2023-06-26T05:45:27+00:00\",\"dateModified\":\"2025-10-06T21:19:23+00:00\",\"description\":\"Pirk&#039;a Arquitectos , estudio de arquitectos en Lima, Per\u00fa.\",\"breadcrumb\":{\"@id\":\"https:\\\/\\\/pirkaarquitectos.com\\\/pirka-arquitectos-estudio\\\/#breadcrumb\"},\"inLanguage\":\"es\",\"potentialAction\":[{\"@type\":\"ReadAction\",\"target\":[\"https:\\\/\\\/pirkaarquitectos.com\\\/pirka-arquitectos-estudio\\\/\"]}]},{\"@type\":\"BreadcrumbList\",\"@id\":\"https:\\\/\\\/pirkaarquitectos.com\\\/pirka-arquitectos-estudio\\\/#breadcrumb\",\"itemListElement\":[{\"@type\":\"ListItem\",\"position\":1,\"name\":\"Portada\",\"item\":\"https:\\\/\\\/pirkaarquitectos.com\\\/\"},{\"@type\":\"ListItem\",\"position\":2,\"name\":\"Estudio\"}]},{\"@type\":\"WebSite\",\"@id\":\"http:\\\/\\\/pirkaarquitectos.com\\\/es\\\/#website\",\"url\":\"http:\\\/\\\/pirkaarquitectos.com\\\/es\\\/\",\"name\":\"Pirk'a Arquitectos - Arquitectura, Ingenier\u00eda y Construcci\u00f3n\",\"description\":\"Especialistas en la implementaci\u00f3n de proyectos arquitect\u00f3nicos. Brindamos servicios de construcci\u00f3n, dise\u00f1o, modernizaci\u00f3n y criterio estructural en Per\u00fa.\",\"publisher\":{\"@id\":\"http:\\\/\\\/pirkaarquitectos.com\\\/es\\\/#organization\"},\"potentialAction\":[{\"@type\":\"SearchAction\",\"target\":{\"@type\":\"EntryPoint\",\"urlTemplate\":\"http:\\\/\\\/pirkaarquitectos.com\\\/es\\\/?s={search_term_string}\"},\"query-input\":{\"@type\":\"PropertyValueSpecification\",\"valueRequired\":true,\"valueName\":\"search_term_string\"}}],\"inLanguage\":\"es\"},{\"@type\":\"Organization\",\"@id\":\"http:\\\/\\\/pirkaarquitectos.com\\\/es\\\/#organization\",\"name\":\"Pirk'a Arquitectos - Arquitectura, Ingenier\u00eda y Construcci\u00f3n\",\"url\":\"http:\\\/\\\/pirkaarquitectos.com\\\/es\\\/\",\"logo\":{\"@type\":\"ImageObject\",\"inLanguage\":\"es\",\"@id\":\"http:\\\/\\\/pirkaarquitectos.com\\\/es\\\/#\\\/schema\\\/logo\\\/image\\\/\",\"url\":\"https:\\\/\\\/pirkaarquitectos.com\\\/wp-content\\\/uploads\\\/2023\\\/06\\\/logo-pirka.svg\",\"contentUrl\":\"https:\\\/\\\/pirkaarquitectos.com\\\/wp-content\\\/uploads\\\/2023\\\/06\\\/logo-pirka.svg\",\"width\":\"1024\",\"height\":\"1024\",\"caption\":\"Pirk'a Arquitectos - Arquitectura, Ingenier\u00eda y Construcci\u00f3n\"},\"image\":{\"@id\":\"http:\\\/\\\/pirkaarquitectos.com\\\/es\\\/#\\\/schema\\\/logo\\\/image\\\/\"},\"sameAs\":[\"https:\\\/\\\/www.facebook.com\\\/profile.php?id=100063644077788&mibextid=ZbWKwL\",\"https:\\\/\\\/x.com\\\/pirka_arquitectos\"]}]}<\/script>\n<!-- \/ Yoast SEO plugin. -->","yoast_head_json":{"title":"Estudio - Pirk&#039;a Arquitectos","description":"Pirk&#039;a Arquitectos , estudio de arquitectos en Lima, Per\u00fa.","robots":{"index":"index","follow":"follow","max-snippet":"max-snippet:-1","max-image-preview":"max-image-preview:large","max-video-preview":"max-video-preview:-1"},"canonical":"https:\/\/pirkaarquitectos.com\/es\/pirka-arquitectos-estudio\/","schema":{"@context":"https:\/\/schema.org","@graph":[{"@type":"WebPage","@id":"https:\/\/pirkaarquitectos.com\/pirka-arquitectos-estudio\/","url":"https:\/\/pirkaarquitectos.com\/pirka-arquitectos-estudio\/","name":"Estudio - Pirk&#039;a Arquitectos","isPartOf":{"@id":"http:\/\/pirkaarquitectos.com\/es\/#website"},"datePublished":"2023-06-26T05:45:27+00:00","dateModified":"2025-10-06T21:19:23+00:00","description":"Pirk&#039;a Arquitectos , estudio de arquitectos en Lima, Per\u00fa.","breadcrumb":{"@id":"https:\/\/pirkaarquitectos.com\/pirka-arquitectos-estudio\/#breadcrumb"},"inLanguage":"es","potentialAction":[{"@type":"ReadAction","target":["https:\/\/pirkaarquitectos.com\/pirka-arquitectos-estudio\/"]}]},{"@type":"BreadcrumbList","@id":"https:\/\/pirkaarquitectos.com\/pirka-arquitectos-estudio\/#breadcrumb","itemListElement":[{"@type":"ListItem","position":1,"name":"Portada","item":"https:\/\/pirkaarquitectos.com\/"},{"@type":"ListItem","position":2,"name":"Estudio"}]},{"@type":"WebSite","@id":"http:\/\/pirkaarquitectos.com\/es\/#website","url":"http:\/\/pirkaarquitectos.com\/es\/","name":"Pirk'a Arquitectos - Arquitectura, Ingenier\u00eda y Construcci\u00f3n","description":"Especialistas en la implementaci\u00f3n de proyectos arquitect\u00f3nicos. Brindamos servicios de construcci\u00f3n, dise\u00f1o, modernizaci\u00f3n y criterio estructural en Per\u00fa.","publisher":{"@id":"http:\/\/pirkaarquitectos.com\/es\/#organization"},"potentialAction":[{"@type":"SearchAction","target":{"@type":"EntryPoint","urlTemplate":"http:\/\/pirkaarquitectos.com\/es\/?s={search_term_string}"},"query-input":{"@type":"PropertyValueSpecification","valueRequired":true,"valueName":"search_term_string"}}],"inLanguage":"es"},{"@type":"Organization","@id":"http:\/\/pirkaarquitectos.com\/es\/#organization","name":"Pirk'a Arquitectos - Arquitectura, Ingenier\u00eda y Construcci\u00f3n","url":"http:\/\/pirkaarquitectos.com\/es\/","logo":{"@type":"ImageObject","inLanguage":"es","@id":"http:\/\/pirkaarquitectos.com\/es\/#\/schema\/logo\/image\/","url":"https:\/\/pirkaarquitectos.com\/wp-content\/uploads\/2023\/06\/logo-pirka.svg","contentUrl":"https:\/\/pirkaarquitectos.com\/wp-content\/uploads\/2023\/06\/logo-pirka.svg","width":"1024","height":"1024","caption":"Pirk'a Arquitectos - Arquitectura, Ingenier\u00eda y Construcci\u00f3n"},"image":{"@id":"http:\/\/pirkaarquitectos.com\/es\/#\/schema\/logo\/image\/"},"sameAs":["https:\/\/www.facebook.com\/profile.php?id=100063644077788&mibextid=ZbWKwL","https:\/\/x.com\/pirka_arquitectos"]}]}},"_links":{"self":[{"href":"https:\/\/pirkaarquitectos.com\/es\/wp-json\/wp\/v2\/pages\/315","targetHints":{"allow":["GET"]}}],"collection":[{"href":"https:\/\/pirkaarquitectos.com\/es\/wp-json\/wp\/v2\/pages"}],"about":[{"href":"https:\/\/pirkaarquitectos.com\/es\/wp-json\/wp\/v2\/types\/page"}],"author":[{"embeddable":true,"href":"https:\/\/pirkaarquitectos.com\/es\/wp-json\/wp\/v2\/users\/1"}],"replies":[{"embeddable":true,"href":"https:\/\/pirkaarquitectos.com\/es\/wp-json\/wp\/v2\/comments?post=315"}],"version-history":[{"count":1,"href":"https:\/\/pirkaarquitectos.com\/es\/wp-json\/wp\/v2\/pages\/315\/revisions"}],"predecessor-version":[{"id":2002,"href":"https:\/\/pirkaarquitectos.com\/es\/wp-json\/wp\/v2\/pages\/315\/revisions\/2002"}],"wp:attachment":[{"href":"https:\/\/pirkaarquitectos.com\/es\/wp-json\/wp\/v2\/media?parent=315"}],"curies":[{"name":"wp","href":"https:\/\/api.w.org\/{rel}","templated":true}]}}