{"id":338,"date":"2023-06-26T01:16:39","date_gmt":"2023-06-26T06:16:39","guid":{"rendered":"https:\/\/pirkaarquitectos.com\/?page_id=338"},"modified":"2025-10-07T09:25:04","modified_gmt":"2025-10-07T14:25:04","slug":"contacto","status":"publish","type":"page","link":"https:\/\/pirkaarquitectos.com\/es\/contacto\/","title":{"rendered":"Contacto"},"content":{"rendered":"\n\t<section class=\"section\" id=\"section_1106757637\">\n\t\t<div class=\"bg section-bg fill bg-fill  bg-loaded\" >\n\n\t\t\t\n\t\t\t\n\t\t\t\n\n\t\t<\/div>\n\n\t\t\n\n\t\t<div class=\"section-content relative\">\n\t\t\t\n\n<div class=\"row row-collapse align-equal align-center\" style=\"max-width:1152px\" id=\"row-1943011225\">\n\n\n\t<div id=\"col-1608801573\" class=\"col medium-12 small-5 large-4\"  data-animate=\"bounceIn\">\n\t\t\t\t<div class=\"col-inner\"  >\n\t\t\t\n\t\t\t\n\n\t<div class=\"img has-hover x md-x lg-x y md-y lg-y\" id=\"image_1030458525\">\n\t\t\t\t\t\t\t\t<div class=\"img-inner dark\" style=\"margin:25px 0px 0px 0px;\">\n\t\t\t<img loading=\"lazy\" decoding=\"async\" width=\"350\" height=\"454\" src=\"https:\/\/pirkaarquitectos.com\/wp-content\/uploads\/2023\/07\/BANNER-CONTACTO.jpg\" class=\"attachment-large size-large\" alt=\"\" srcset=\"https:\/\/pirkaarquitectos.com\/wp-content\/uploads\/2023\/07\/BANNER-CONTACTO.jpg 350w, https:\/\/pirkaarquitectos.com\/wp-content\/uploads\/2023\/07\/BANNER-CONTACTO-308x400.jpg 308w\" sizes=\"auto, (max-width: 350px) 100vw, 350px\" \/>\t\t\t\t\t\t\n\t\t\t\t\t<\/div>\n\t\t\t\t\t\t\t\t\n<style>\n#image_1030458525 {\n  width: 95%;\n}\n@media (min-width:550px) {\n  #image_1030458525 {\n    width: 86%;\n  }\n}\n<\/style>\n\t<\/div>\n\t\n\n\n\t\t<\/div>\n\t\t\t\t\n<style>\n#col-1608801573 > .col-inner {\n  padding: 0px 0px 0px 0px;\n  margin: 10px 10px 0px 10px;\n}\n@media (min-width:550px) {\n  #col-1608801573 > .col-inner {\n    padding: 0px 0px 0px 0px;\n    margin: 0px 0px 0px 0px;\n  }\n}\n<\/style>\n\t<\/div>\n\n\t\n\n\t<div id=\"col-131621496\" class=\"col medium-12 small-6 large-4 small-col-first\"  data-animate=\"bounceIn\">\n\t\t\t\t<div class=\"col-inner\"  >\n\t\t\t\n\t\t\t\n\n\t<div id=\"gap-1370211847\" class=\"gap-element clearfix\" style=\"display:block; height:auto;\">\n\t\t\n<style>\n#gap-1370211847 {\n  padding-top: 15px;\n}\n<\/style>\n\t<\/div>\n\t\n\n<h2><strong>PIRK\u2019A Arquitectos<\/strong><\/h2>\n<h6>DIRECCI\u00d3N<\/h6>\n<p>Jr. Miguel Grau 224,<br \/>Carabayllo<br \/>Lima, PER\u00da<\/p>\n<h6>EMAIL<\/h6>\n<p>pirkaarquitectos@gmail.com<\/p>\n\n\t\t<\/div>\n\t\t\t\t\n<style>\n#col-131621496 > .col-inner {\n  padding: 0px 0px 0px 0px;\n  margin: 0px 5px 0px 5px;\n}\n@media (min-width:550px) {\n  #col-131621496 > .col-inner {\n    padding: 0px 20px 0px 20px;\n  }\n}\n<\/style>\n\t<\/div>\n\n\t\n\n\t<div id=\"col-1008614802\" class=\"col form-with-animated-labels medium-12 small-11 large-4\"  data-animate=\"fadeInLeft\">\n\t\t\t\t<div class=\"col-inner\"  >\n\t\t\t\n\t\t\t\n\n\t<div id=\"gap-1289612645\" class=\"gap-element clearfix\" style=\"display:block; height:auto;\">\n\t\t\n<style>\n#gap-1289612645 {\n  padding-top: 20px;\n}\n@media (min-width:550px) {\n  #gap-1289612645 {\n    padding-top: 15px;\n  }\n}\n<\/style>\n\t<\/div>\n\t\n\n<h2><strong>Cotizaci\u00f3n<\/strong><\/h2>\n\n<div class=\"wpcf7 no-js\" id=\"wpcf7-f390-o1\" lang=\"es-PE\" dir=\"ltr\" data-wpcf7-id=\"390\">\n<div class=\"screen-reader-response\"><p role=\"status\" aria-live=\"polite\" aria-atomic=\"true\"><\/p> <ul><\/ul><\/div>\n<form action=\"\/es\/wp-json\/wp\/v2\/pages\/338#wpcf7-f390-o1\" method=\"post\" class=\"wpcf7-form init\" aria-label=\"Contact form\" novalidate=\"novalidate\" data-status=\"init\">\n<fieldset class=\"hidden-fields-container\"><input type=\"hidden\" name=\"_wpcf7\" value=\"390\" \/><input type=\"hidden\" name=\"_wpcf7_version\" value=\"6.1.5\" \/><input type=\"hidden\" name=\"_wpcf7_locale\" value=\"es_PE\" \/><input type=\"hidden\" name=\"_wpcf7_unit_tag\" value=\"wpcf7-f390-o1\" \/><input type=\"hidden\" name=\"_wpcf7_container_post\" value=\"0\" \/><input type=\"hidden\" name=\"_wpcf7_posted_data_hash\" value=\"\" \/>\n<\/fieldset>\n<div class=\"form-wrapper\">\n\t<p><span class=\"wpcf7-form-control-wrap\" data-name=\"nombres\"><input size=\"40\" maxlength=\"400\" class=\"wpcf7-form-control wpcf7-text wpcf7-validates-as-required\" aria-required=\"true\" aria-invalid=\"false\" value=\"\" type=\"text\" name=\"nombres\" \/><\/span><br \/>\n<label for=\"nombres\">Nombres<\/label>\n\t<\/p>\n<\/div>\n<div class=\"form-wrapper\">\n\t<p><span class=\"wpcf7-form-control-wrap\" data-name=\"apellidos\"><input size=\"40\" maxlength=\"400\" class=\"wpcf7-form-control wpcf7-text wpcf7-validates-as-required\" aria-required=\"true\" aria-invalid=\"false\" value=\"\" type=\"text\" name=\"apellidos\" \/><\/span><br \/>\n<label for=\"apellidos\">Apellidos<\/label>\n\t<\/p>\n<\/div>\n<div class=\"form-wrapper\">\n\t<p><span class=\"wpcf7-form-control-wrap\" data-name=\"empresa\"><input size=\"40\" maxlength=\"400\" class=\"wpcf7-form-control wpcf7-text\" aria-invalid=\"false\" value=\"\" type=\"text\" name=\"empresa\" \/><\/span><br \/>\n<label for=\"empresa\">Empresa<\/label>\n\t<\/p>\n<\/div>\n<div class=\"form-grid\">\n\t<div class=\"form-wrapper me-1\">\n\t\t<p><span class=\"wpcf7-form-control-wrap\" data-name=\"correo\"><input size=\"40\" maxlength=\"400\" class=\"wpcf7-form-control wpcf7-text\" aria-invalid=\"false\" value=\"\" type=\"text\" name=\"correo\" \/><\/span><br \/>\n<label for=\"correo\">Email<\/label>\n\t\t<\/p>\n\t<\/div>\n\t<div class=\"form-wrapper ms-1\">\n\t\t<p><span class=\"wpcf7-form-control-wrap\" data-name=\"telefono\"><input size=\"40\" maxlength=\"400\" class=\"wpcf7-form-control wpcf7-tel wpcf7-validates-as-required wpcf7-text wpcf7-validates-as-tel\" aria-required=\"true\" aria-invalid=\"false\" value=\"\" type=\"tel\" name=\"telefono\" \/><\/span><br \/>\n<label for=\"telefono\">Tel\u00e9fono<\/label>\n\t\t<\/p>\n\t<\/div>\n<\/div>\n<div class=\"form-wrapper form-textarea-wrapper\">\n\t<p><span class=\"wpcf7-form-control-wrap\" data-name=\"your-message\"><textarea cols=\"40\" rows=\"4\" maxlength=\"2000\" class=\"wpcf7-form-control wpcf7-textarea wpcf7-validates-as-required\" aria-required=\"true\" aria-invalid=\"false\" name=\"your-message\"><\/textarea><\/span><br \/>\n<label for=\"your-message\">Mensaje<\/label>\n\t<\/p>\n<\/div>\n<div class=\"form-wrapper form-check\">\n\t<p><span class=\"wpcf7-form-control-wrap\" data-name=\"your-consent\"><span class=\"wpcf7-form-control wpcf7-acceptance\"><span class=\"wpcf7-list-item\"><label><input type=\"checkbox\" name=\"your-consent\" value=\"1\" aria-invalid=\"false\" \/><span class=\"wpcf7-list-item-label\">He le\u00eddo y acepto las <a href=\"\/politicas-de-privacidad\" target=\"_blank\">Pol\u00edticas de privacidad.<\/a><\/span><\/label><\/span><\/span><\/span>\n\t<\/p>\n<\/div>\n<div class=\"form-wrapper form-submit-wrapper\">\n\t<p><input class=\"wpcf7-form-control wpcf7-submit has-spinner\" type=\"submit\" value=\"Enviar\" \/>\n\t<\/p>\n<\/div><div class=\"wpcf7-response-output\" aria-hidden=\"true\"><\/div>\n<\/form>\n<\/div>\n\n\n\n\t\t<\/div>\n\t\t\t\t\n<style>\n#col-1008614802 > .col-inner {\n  padding: 60px 0px 40px 0px;\n  margin: 0px 0px 0px 0px;\n}\n@media (min-width:550px) {\n  #col-1008614802 > .col-inner {\n    padding: 60px 60px 40px 60px;\n  }\n}\n@media (min-width:850px) {\n  #col-1008614802 > .col-inner {\n    padding: 0px 15px 0px 15px;\n  }\n}\n<\/style>\n\t<\/div>\n\n\t\n\n\n<style>\n#row-1943011225 > .col > .col-inner {\n  background-color: rgb(255, 255, 255);\n}\n<\/style>\n<\/div>\n\n\t\t<\/div>\n\n\t\t\n<style>\n#section_1106757637 {\n  padding-top: 0px;\n  padding-bottom: 0px;\n  margin-bottom: 0px;\n}\n#section_1106757637 .ux-shape-divider--top svg {\n  height: 150px;\n  --divider-top-width: 100%;\n}\n#section_1106757637 .ux-shape-divider--bottom svg {\n  height: 150px;\n  --divider-width: 100%;\n}\n@media (min-width:550px) {\n  #section_1106757637 {\n    padding-top: 20px;\n    padding-bottom: 20px;\n  }\n}\n<\/style>\n\t<\/section>\n\t\n\n","protected":false},"excerpt":{"rendered":"","protected":false},"author":1,"featured_media":0,"parent":0,"menu_order":0,"comment_status":"closed","ping_status":"closed","template":"page-blank.php","meta":{"inline_featured_image":false,"footnotes":""},"class_list":["post-338","page","type-page","status-publish","hentry"],"yoast_head":"<!-- This site is optimized with the Yoast SEO plugin v27.3 - https:\/\/yoast.com\/product\/yoast-seo-wordpress\/ -->\n<title>Contacto - Pirk&#039;a Arquitectos<\/title>\n<meta name=\"robots\" content=\"index, follow, max-snippet:-1, max-image-preview:large, max-video-preview:-1\" \/>\n<link rel=\"canonical\" href=\"https:\/\/pirkaarquitectos.com\/es\/contacto\/\" \/>\n<script type=\"application\/ld+json\" class=\"yoast-schema-graph\">{\"@context\":\"https:\\\/\\\/schema.org\",\"@graph\":[{\"@type\":\"WebPage\",\"@id\":\"https:\\\/\\\/pirkaarquitectos.com\\\/contacto\\\/\",\"url\":\"https:\\\/\\\/pirkaarquitectos.com\\\/contacto\\\/\",\"name\":\"Contacto - Pirk&#039;a Arquitectos\",\"isPartOf\":{\"@id\":\"http:\\\/\\\/pirkaarquitectos.com\\\/es\\\/#website\"},\"datePublished\":\"2023-06-26T06:16:39+00:00\",\"dateModified\":\"2025-10-07T14:25:04+00:00\",\"breadcrumb\":{\"@id\":\"https:\\\/\\\/pirkaarquitectos.com\\\/contacto\\\/#breadcrumb\"},\"inLanguage\":\"es\",\"potentialAction\":[{\"@type\":\"ReadAction\",\"target\":[\"https:\\\/\\\/pirkaarquitectos.com\\\/contacto\\\/\"]}]},{\"@type\":\"BreadcrumbList\",\"@id\":\"https:\\\/\\\/pirkaarquitectos.com\\\/contacto\\\/#breadcrumb\",\"itemListElement\":[{\"@type\":\"ListItem\",\"position\":1,\"name\":\"Portada\",\"item\":\"https:\\\/\\\/pirkaarquitectos.com\\\/\"},{\"@type\":\"ListItem\",\"position\":2,\"name\":\"Contacto\"}]},{\"@type\":\"WebSite\",\"@id\":\"http:\\\/\\\/pirkaarquitectos.com\\\/es\\\/#website\",\"url\":\"http:\\\/\\\/pirkaarquitectos.com\\\/es\\\/\",\"name\":\"Pirk'a Arquitectos - Arquitectura, Ingenier\u00eda y Construcci\u00f3n\",\"description\":\"Especialistas en la implementaci\u00f3n de proyectos arquitect\u00f3nicos. Brindamos servicios de construcci\u00f3n, dise\u00f1o, modernizaci\u00f3n y criterio estructural en Per\u00fa.\",\"publisher\":{\"@id\":\"http:\\\/\\\/pirkaarquitectos.com\\\/es\\\/#organization\"},\"potentialAction\":[{\"@type\":\"SearchAction\",\"target\":{\"@type\":\"EntryPoint\",\"urlTemplate\":\"http:\\\/\\\/pirkaarquitectos.com\\\/es\\\/?s={search_term_string}\"},\"query-input\":{\"@type\":\"PropertyValueSpecification\",\"valueRequired\":true,\"valueName\":\"search_term_string\"}}],\"inLanguage\":\"es\"},{\"@type\":\"Organization\",\"@id\":\"http:\\\/\\\/pirkaarquitectos.com\\\/es\\\/#organization\",\"name\":\"Pirk'a Arquitectos - Arquitectura, Ingenier\u00eda y Construcci\u00f3n\",\"url\":\"http:\\\/\\\/pirkaarquitectos.com\\\/es\\\/\",\"logo\":{\"@type\":\"ImageObject\",\"inLanguage\":\"es\",\"@id\":\"http:\\\/\\\/pirkaarquitectos.com\\\/es\\\/#\\\/schema\\\/logo\\\/image\\\/\",\"url\":\"https:\\\/\\\/pirkaarquitectos.com\\\/wp-content\\\/uploads\\\/2023\\\/06\\\/logo-pirka.svg\",\"contentUrl\":\"https:\\\/\\\/pirkaarquitectos.com\\\/wp-content\\\/uploads\\\/2023\\\/06\\\/logo-pirka.svg\",\"width\":\"1024\",\"height\":\"1024\",\"caption\":\"Pirk'a Arquitectos - Arquitectura, Ingenier\u00eda y Construcci\u00f3n\"},\"image\":{\"@id\":\"http:\\\/\\\/pirkaarquitectos.com\\\/es\\\/#\\\/schema\\\/logo\\\/image\\\/\"},\"sameAs\":[\"https:\\\/\\\/www.facebook.com\\\/profile.php?id=100063644077788&mibextid=ZbWKwL\",\"https:\\\/\\\/x.com\\\/pirka_arquitectos\"]}]}<\/script>\n<!-- \/ Yoast SEO plugin. -->","yoast_head_json":{"title":"Contacto - Pirk&#039;a Arquitectos","robots":{"index":"index","follow":"follow","max-snippet":"max-snippet:-1","max-image-preview":"max-image-preview:large","max-video-preview":"max-video-preview:-1"},"canonical":"https:\/\/pirkaarquitectos.com\/es\/contacto\/","schema":{"@context":"https:\/\/schema.org","@graph":[{"@type":"WebPage","@id":"https:\/\/pirkaarquitectos.com\/contacto\/","url":"https:\/\/pirkaarquitectos.com\/contacto\/","name":"Contacto - Pirk&#039;a Arquitectos","isPartOf":{"@id":"http:\/\/pirkaarquitectos.com\/es\/#website"},"datePublished":"2023-06-26T06:16:39+00:00","dateModified":"2025-10-07T14:25:04+00:00","breadcrumb":{"@id":"https:\/\/pirkaarquitectos.com\/contacto\/#breadcrumb"},"inLanguage":"es","potentialAction":[{"@type":"ReadAction","target":["https:\/\/pirkaarquitectos.com\/contacto\/"]}]},{"@type":"BreadcrumbList","@id":"https:\/\/pirkaarquitectos.com\/contacto\/#breadcrumb","itemListElement":[{"@type":"ListItem","position":1,"name":"Portada","item":"https:\/\/pirkaarquitectos.com\/"},{"@type":"ListItem","position":2,"name":"Contacto"}]},{"@type":"WebSite","@id":"http:\/\/pirkaarquitectos.com\/es\/#website","url":"http:\/\/pirkaarquitectos.com\/es\/","name":"Pirk'a Arquitectos - Arquitectura, Ingenier\u00eda y Construcci\u00f3n","description":"Especialistas en la implementaci\u00f3n de proyectos arquitect\u00f3nicos. Brindamos servicios de construcci\u00f3n, dise\u00f1o, modernizaci\u00f3n y criterio estructural en Per\u00fa.","publisher":{"@id":"http:\/\/pirkaarquitectos.com\/es\/#organization"},"potentialAction":[{"@type":"SearchAction","target":{"@type":"EntryPoint","urlTemplate":"http:\/\/pirkaarquitectos.com\/es\/?s={search_term_string}"},"query-input":{"@type":"PropertyValueSpecification","valueRequired":true,"valueName":"search_term_string"}}],"inLanguage":"es"},{"@type":"Organization","@id":"http:\/\/pirkaarquitectos.com\/es\/#organization","name":"Pirk'a Arquitectos - Arquitectura, Ingenier\u00eda y Construcci\u00f3n","url":"http:\/\/pirkaarquitectos.com\/es\/","logo":{"@type":"ImageObject","inLanguage":"es","@id":"http:\/\/pirkaarquitectos.com\/es\/#\/schema\/logo\/image\/","url":"https:\/\/pirkaarquitectos.com\/wp-content\/uploads\/2023\/06\/logo-pirka.svg","contentUrl":"https:\/\/pirkaarquitectos.com\/wp-content\/uploads\/2023\/06\/logo-pirka.svg","width":"1024","height":"1024","caption":"Pirk'a Arquitectos - Arquitectura, Ingenier\u00eda y Construcci\u00f3n"},"image":{"@id":"http:\/\/pirkaarquitectos.com\/es\/#\/schema\/logo\/image\/"},"sameAs":["https:\/\/www.facebook.com\/profile.php?id=100063644077788&mibextid=ZbWKwL","https:\/\/x.com\/pirka_arquitectos"]}]}},"_links":{"self":[{"href":"https:\/\/pirkaarquitectos.com\/es\/wp-json\/wp\/v2\/pages\/338","targetHints":{"allow":["GET"]}}],"collection":[{"href":"https:\/\/pirkaarquitectos.com\/es\/wp-json\/wp\/v2\/pages"}],"about":[{"href":"https:\/\/pirkaarquitectos.com\/es\/wp-json\/wp\/v2\/types\/page"}],"author":[{"embeddable":true,"href":"https:\/\/pirkaarquitectos.com\/es\/wp-json\/wp\/v2\/users\/1"}],"replies":[{"embeddable":true,"href":"https:\/\/pirkaarquitectos.com\/es\/wp-json\/wp\/v2\/comments?post=338"}],"version-history":[{"count":2,"href":"https:\/\/pirkaarquitectos.com\/es\/wp-json\/wp\/v2\/pages\/338\/revisions"}],"predecessor-version":[{"id":2007,"href":"https:\/\/pirkaarquitectos.com\/es\/wp-json\/wp\/v2\/pages\/338\/revisions\/2007"}],"wp:attachment":[{"href":"https:\/\/pirkaarquitectos.com\/es\/wp-json\/wp\/v2\/media?parent=338"}],"curies":[{"name":"wp","href":"https:\/\/api.w.org\/{rel}","templated":true}]}}